{"id":595,"date":"2021-02-23T10:45:55","date_gmt":"2021-02-23T10:45:55","guid":{"rendered":"https:\/\/chatarreriaviana.gruposeinto.com\/?page_id=595"},"modified":"2021-02-23T10:56:01","modified_gmt":"2021-02-23T10:56:01","slug":"elementor-595","status":"publish","type":"page","link":"https:\/\/chatarreriaviana.com\/?page_id=595","title":{"rendered":"Aviso legal"},"content":{"rendered":"\t\t<div data-elementor-type=\"wp-page\" data-elementor-id=\"595\" class=\"elementor elementor-595\" data-elementor-settings=\"[]\">\n\t\t\t\t\t\t\t<div class=\"elementor-section-wrap\">\n\t\t\t\t\t\t\t<section class=\"elementor-section elementor-top-section elementor-element elementor-element-a6a9b4c elementor-section-boxed elementor-section-height-default elementor-section-height-default\" data-id=\"a6a9b4c\" data-element_type=\"section\">\n\t\t\t\t\t\t<div class=\"elementor-container elementor-column-gap-default\">\n\t\t\t\t\t<div class=\"elementor-column elementor-col-50 elementor-top-column elementor-element elementor-element-ec07516\" data-id=\"ec07516\" data-element_type=\"column\">\n\t\t\t<div class=\"elementor-widget-wrap elementor-element-populated\">\n\t\t\t\t\t\t\t\t<div class=\"elementor-element elementor-element-7044a6c elementor-widget elementor-widget-image\" data-id=\"7044a6c\" data-element_type=\"widget\" data-widget_type=\"image.default\">\n\t\t\t\t<div class=\"elementor-widget-container\">\n\t\t\t\t\t<div class=\"elementor-image\">\n\t\t\t\t\t\t\t\t\t\t\t<a href=\"http:\/\/www.chatarreriaviana.com\">\n\t\t\t\t\t\t\t<img width=\"1024\" height=\"153\" src=\"https:\/\/chatarreriaviana.com\/wp-content\/uploads\/2021\/02\/cropped-LOGO-FINAL-CHATARRERIA-VIANA-XL--400x60.png\" class=\"attachment-large size-large\" alt=\"\" loading=\"lazy\" srcset=\"https:\/\/chatarreriaviana.com\/wp-content\/uploads\/2021\/02\/cropped-LOGO-FINAL-CHATARRERIA-VIANA-XL--1024x153.png 1024w, https:\/\/chatarreriaviana.com\/wp-content\/uploads\/2021\/02\/cropped-LOGO-FINAL-CHATARRERIA-VIANA-XL--300x45.png 300w, https:\/\/chatarreriaviana.com\/wp-content\/uploads\/2021\/02\/cropped-LOGO-FINAL-CHATARRERIA-VIANA-XL--768x115.png 768w, https:\/\/chatarreriaviana.com\/wp-content\/uploads\/2021\/02\/cropped-LOGO-FINAL-CHATARRERIA-VIANA-XL--1536x230.png 1536w, https:\/\/chatarreriaviana.com\/wp-content\/uploads\/2021\/02\/cropped-LOGO-FINAL-CHATARRERIA-VIANA-XL--2048x306.png 2048w, https:\/\/chatarreriaviana.com\/wp-content\/uploads\/2021\/02\/cropped-LOGO-FINAL-CHATARRERIA-VIANA-XL--400x60.png 400w\" sizes=\"(max-width: 1024px) 100vw, 1024px\" \/>\t\t\t\t\t\t\t\t<\/a>\n\t\t\t\t\t\t\t\t\t\t\t<\/div>\n\t\t\t\t<\/div>\n\t\t\t\t<\/div>\n\t\t\t\t\t<\/div>\n\t\t<\/div>\n\t\t\t\t<div class=\"elementor-column elementor-col-50 elementor-top-column elementor-element elementor-element-f86224d\" data-id=\"f86224d\" data-element_type=\"column\">\n\t\t\t<div class=\"elementor-widget-wrap\">\n\t\t\t\t\t\t\t\t\t<\/div>\n\t\t<\/div>\n\t\t\t\t\t\t\t<\/div>\n\t\t<\/section>\n\t\t\t\t<section class=\"elementor-section elementor-top-section elementor-element elementor-element-ad21e43 elementor-section-boxed elementor-section-height-default elementor-section-height-default\" data-id=\"ad21e43\" data-element_type=\"section\" data-settings=\"{&quot;background_background&quot;:&quot;classic&quot;}\">\n\t\t\t\t\t\t<div class=\"elementor-container elementor-column-gap-default\">\n\t\t\t\t\t<div class=\"elementor-column elementor-col-50 elementor-top-column elementor-element elementor-element-75f99f0\" data-id=\"75f99f0\" data-element_type=\"column\">\n\t\t\t<div class=\"elementor-widget-wrap elementor-element-populated\">\n\t\t\t\t\t\t\t\t<div class=\"elementor-element elementor-element-c39a0bd elementor-widget elementor-widget-heading\" data-id=\"c39a0bd\" data-element_type=\"widget\" data-widget_type=\"heading.default\">\n\t\t\t\t<div class=\"elementor-widget-container\">\n\t\t\t<h2 class=\"elementor-heading-title elementor-size-default\">Aviso legal<\/h2>\t\t<\/div>\n\t\t\t\t<\/div>\n\t\t\t\t\t<\/div>\n\t\t<\/div>\n\t\t\t\t<div class=\"elementor-column elementor-col-50 elementor-top-column elementor-element elementor-element-5d02ec2\" data-id=\"5d02ec2\" data-element_type=\"column\">\n\t\t\t<div class=\"elementor-widget-wrap elementor-element-populated\">\n\t\t\t\t\t\t\t\t<div class=\"elementor-element elementor-element-aad57a3 elementor-widget elementor-widget-text-editor\" data-id=\"aad57a3\" data-element_type=\"widget\" data-widget_type=\"text-editor.default\">\n\t\t\t\t<div class=\"elementor-widget-container\">\n\t\t\t\t\t<div class=\"elementor-text-editor elementor-clearfix\"><a style=\"color:#ffffff; href=\"\">Chatarreria Viana<\/a> \/ <strong>Aviso legal<\/strong><\/div>\n\t\t\t\t<\/div>\n\t\t\t\t<\/div>\n\t\t\t\t\t<\/div>\n\t\t<\/div>\n\t\t\t\t\t\t\t<\/div>\n\t\t<\/section>\n\t\t\t\t<section class=\"elementor-section elementor-top-section elementor-element elementor-element-53b2212 elementor-section-boxed elementor-section-height-default elementor-section-height-default\" data-id=\"53b2212\" data-element_type=\"section\">\n\t\t\t\t\t\t<div class=\"elementor-container elementor-column-gap-default\">\n\t\t\t\t\t<div class=\"elementor-column elementor-col-100 elementor-top-column elementor-element elementor-element-16eeffc\" data-id=\"16eeffc\" data-element_type=\"column\">\n\t\t\t<div class=\"elementor-widget-wrap elementor-element-populated\">\n\t\t\t\t\t\t\t\t<div class=\"elementor-element elementor-element-617aca4 elementor-widget elementor-widget-text-editor\" data-id=\"617aca4\" data-element_type=\"widget\" data-widget_type=\"text-editor.default\">\n\t\t\t\t<div class=\"elementor-widget-container\">\n\t\t\t\t\t<div class=\"elementor-text-editor elementor-clearfix\"><h3><b><strong>LEY DE SERVICIOS DE LA SOCIEDAD DE LA INFORMACI\u00d3N Y COMERCIO ELECTR\u00d3NICO<\/strong><\/b><\/h3><h4><b><strong>1 DOMINIOS<\/strong><\/b><\/h4><p>En cumplimiento de lo dispuesto en el art. 10 de la Ley 34\/2002 de 11 de julio de Servicios de la Sociedad de la Informaci\u00f3n (L.S.S.I.), se da a conocer la siguiente Informaci\u00f3n General:<\/p><ul><li><a href=\"http:\/\/www.grupoviana.es\/\" target=\"_blank\" rel=\"noopener\">WWW.GRUPOVIANA.ES<\/a>\u2013 GRUPO EMPRESARIAL VIANA, S.L<\/li><li><a href=\"http:\/\/www.chatarreriaviana.com\/\">WWW.CHATARRERIAVIANA.COM<\/a>\u2013 GRUPO EMPRESARIAL VIANA, S.L<\/li><li><a href=\"http:\/\/www.chatarreriaviana.es\/\" target=\"_blank\" rel=\"noopener\">WWW.CHATARRERIAVIANA.ES<\/a>\u2013 GRUPO EMPRESARIAL VIANA, S.L<\/li><li><a href=\"http:\/\/www.metalesbergondo.com\/\" target=\"_blank\" rel=\"noopener\">WWW.METALESBERGONDO.COM<\/a>\u2013 METALES BERGONDO, S.L<\/li><li><a href=\"http:\/\/www.metalesbergondo.es\/\" target=\"_blank\" rel=\"noopener\">WWW.METALESBERGONDO.ES<\/a>\u2013 METALES BERGONDO, S.L<\/li><li><a href=\"http:\/\/www.metalesrecigal.com\/\" target=\"_blank\" rel=\"noopener\">WWW.METALESRECIGAL.COM<\/a>\u2013 METALES RECIGAL, S.L<\/li><li><a href=\"http:\/\/www.metalesrecigal.es\/\" target=\"_blank\" rel=\"noopener\">WWW.METALESRECIGAL.ES<\/a>\u2013 METALES RECIGAL, S.L<\/li><li><a href=\"http:\/\/www.desguaceviana.com\/\" target=\"_blank\" rel=\"noopener\">WWW.DESGUACEVIANA.COM<\/a>\u2013 GRUPO EMPRESARIAL VIANA, S.L<\/li><li><a href=\"http:\/\/www.desguaceviana.es\/\" target=\"_blank\" rel=\"noopener\">WWW.DESGUACEVIANA.ES<\/a>\u2013 GRUPO EMPRESARIAL VIANA, S.L<\/li><li><a href=\"http:\/\/www.bloquesviana.es\/\" target=\"_blank\" rel=\"noopener\">WWW.BLOQUESVIANA.ES<\/a>\u2013 GRUPO EMPRESARIAL VIANA, S.L<\/li><li><a href=\"http:\/\/www.bloquesviana.com\/\" target=\"_blank\" rel=\"noopener\">WWW.BLOQUESVIANA.COM<\/a>\u2013 GRUPO EMPRESARIAL VIANA, S.L<\/li><li><a href=\"http:\/\/www.hormigonesviana.com\/\" target=\"_blank\" rel=\"noopener\">WWW.HORMIGONESVIANA.COM<\/a>\u2013 GRUPO EMPRESARIAL VIANA, S.L<\/li><li><a href=\"http:\/\/www.hormigonesviana.es\/\" target=\"_blank\" rel=\"noopener\">WWW.HORMIGONESVIANA.ES<\/a>\u2013 GRUPO EMPRESARIAL VIANA, S.L<\/li><\/ul><h4><b><strong>2 TITULARES<\/strong><\/b><\/h4><p>Razones sociales que forman parte de la denominaci\u00f3n comercial \u201cGRUPO VIANA\u201d<\/p><ul><li>GRUPO EMPRESARIAL VIANA, S.L. provista de CIF ESB32406282 \u2013 Pol\u00edgono de Chorente , parcela F10 \u2013 F11, 32660 Roiriz \u2013 Allariz (ORENSE)<\/li><li>METALES BERGONDO, S.L provista de CIF ESB70536479 \u2013 Pol\u00edgono Bergondo, Parroquia de Guisamo, Parcela B5 Nave 3, 15165 Bergondo (LA CORU\u00d1A)<\/li><li>METALES RECIGAL, S.L provista de CIF ESB32499220 \u2013 Pol\u00edgono Barreiros Nave 5 Vial h, 32911 San Cibrao das Vi\u00f1as (ORENSE)<\/li><\/ul><h4><b><strong>3 CONDICIONES DE USO<\/strong><\/b><\/h4><h5><b><strong>I.- USUARIOS\/AS<\/strong><\/b><\/h5><p>El acceso y\/o uso del Sitio Web\u00a0<a href=\"http:\/\/www.chatarreriaviana.com\/\">WWW.CHATARRERIAVIANA.COM<\/a>\u00a0(o cualquier otro mencionado en el apartado 1 de este aviso), atribuye a quien lo realiza la condici\u00f3n de usuario\/a, aceptando, desde ese mismo momento, plenamente y sin reserva alguna, las presentes condiciones generales, as\u00ed como las condiciones particulares que, en su caso, complementen, modifiquen o sustituyan las condiciones generales en relaci\u00f3n con determinados servicios y contenidos del Sitio Web.<\/p><p>\u00a0<\/p><h5><b><strong>II.- USO DEL Sitio Web, SUS SERVICIOS Y CONTENIDOS<\/strong><\/b><\/h5><p>El\/la usuario\/a se compromete a utilizar el Sitio Web y sus servicios y contenidos sin contravenir la legislaci\u00f3n vigente, la buena fe, los usos generalmente aceptados y el orden p\u00fablico.<\/p><p>As\u00ed mismo, queda prohibido el uso de la Web con fines il\u00edcitos o lesivos contra el \u201cGRUPO VIANA\u201d o cualquier\/a tercero\/a, o que, de cualquier forma, puedan causar perjuicio o impedir el normal funcionamiento del Sitio Web.<\/p><p>Respecto de los contenidos (informaciones, textos, gr\u00e1ficos, archivos de sonido y\/o imagen, fotograf\u00edas, dise\u00f1os, etc.), se proh\u00edbe:<\/p><ul><li>Su reproducci\u00f3n, distribuci\u00f3n o modificaci\u00f3n, a menos que se cuente con la autorizaci\u00f3n de sus leg\u00edtimos\/as titulares o resulte legalmente permitido.<\/li><li>Cualquier vulneraci\u00f3n de los derechos de el \u201cGRUPO VIANA\u201d o de sus leg\u00edtimos\/as titulares sobre los mismos.<\/li><li>Su utilizaci\u00f3n para todo tipo de fines comerciales o publicitarios, distintos de los estrictamente permitidos.<\/li><li>Cualquier intento de obtener los contenidos del Sitio Web por cualquier medio distinto de los que se pongan a disposici\u00f3n de los\/las usuarios\/as as\u00ed como de los que habitualmente se empleen en la red, siempre que no causen perjuicio alguno a la web.<\/li><\/ul><h5><b><strong>III.- MODIFICACI\u00d3N UNILATERAL<\/strong><\/b><\/h5><p>EL TITULAR podr\u00e1 modificar unilateralmente y sin previo aviso, siempre que lo considere oportuno, la estructura y dise\u00f1o del Sitio Web, as\u00ed como modificar o eliminar los servicios, los contenidos y las condiciones de acceso y\/o uso del mismo.<\/p><p>\u00a0<\/p><h5><b><strong>IV.- HIPERENLACES<\/strong><\/b><\/h5><p>El establecimiento de cualquier \u00abhiperenlace\u00bb entre una p\u00e1gina web y el Sitio Web estar\u00e1 sometido a las siguientes condiciones:<\/p><ul><li>No se permite la reproducci\u00f3n, ni total ni parcial, de ninguno de los servicios ni contenidos del Sitio Web.<\/li><li>Salvo consentimiento previo y expreso, la p\u00e1gina web en la que se establezca el hiperenlace no contendr\u00e1 ninguna marca, nombre comercial, r\u00f3tulo de establecimiento, denominaci\u00f3n, logotipo, eslogan u otros signos distintivos pertenecientes al TITULAR<\/li><li>Bajo ninguna circunstancia, el \u201cGRUPO VIANA\u201d ser\u00e1 responsable de los contenidos o servicios puestos a disposici\u00f3n del p\u00fablico en la p\u00e1gina web desde la que se realice el \u00abhiperenlace\u00bb ni de las informaciones y manifestaciones incluidas en las mismas.<\/li><\/ul><h5><b><strong>V.EXCLUSI\u00d3N DE GARANT\u00cdAS Y RESPONSABILIDAD<\/strong><\/b><\/h5><p>El \u201cGRUPO VIANA\u201d no otorga ninguna garant\u00eda ni se hace responsable, en ning\u00fan caso, de los da\u00f1os y perjuicios de cualquier naturaleza que pudieran traer causa de:<\/p><ul><li>La falta disponibilidad, mantenimiento y efectivo funcionamiento de la Web y\/o de sus servicios o contenidos.<\/li><li>La falta de utilidad, adecuaci\u00f3n o validez de la Web y\/o de sus servicios o contenidos para satisfacer necesidades, actividades o resultados concretos o expectativas de los usuarios.<\/li><li>La existencia de virus, programas maliciosos o lesivos en los contenidos.<\/li><li>La recepci\u00f3n, obtenci\u00f3n, almacenamiento, difusi\u00f3n o transmisi\u00f3n, por parte de los\/las usuarios\/as, de los contenidos.<\/li><li>El uso il\u00edcito, negligente, fraudulento, contrario a las presentes Condiciones Generales, a la buena fe, a los usos generalmente aceptados o al orden p\u00fablico, del Sitio Web, sus servicios o contenidos, por parte de los usuarios.<\/li><li>La falta de licitud, calidad, fiabilidad, utilidad y disponibilidad de los servicios prestados por terceros\/as y puestos a disposici\u00f3n de los\/las usuarios\/as en el Sitio Web.<\/li><li>El incumplimiento por parte de terceros de sus obligaciones o compromisos en relaci\u00f3n con los servicios prestados a los usuarios\/as a trav\u00e9s del Sitio Web.<\/li><\/ul><h5><b><strong>VI.DURACI\u00d3N<\/strong><\/b><\/h5><p>La duraci\u00f3n de la prestaci\u00f3n del servicio del Sitio Web y de los servicios es de car\u00e1cter indefinido.<br \/>Sin perjuicio de lo anterior, el \u201cGRUPO VIANA\u201d se reserva el derecho para interrumpir, suspender o terminar la prestaci\u00f3n del servicio de la Web o de cualquiera de los servicios que lo integran, en los mismos t\u00e9rminos que se recogen en la condici\u00f3n tercera.<\/p><p>\u00a0<\/p><h5><b><strong>VII. LEGISLACI\u00d3N APLICABLE Y JURISDICCI\u00d3N<\/strong><\/b><\/h5><p>Las presentes Condiciones Generales se regir\u00e1n por la legislaci\u00f3n espa\u00f1ola.<br \/>GRUPO VIANA y el usuario\/a, con renuncia expresa a cualquier otro fuero que pudiera corresponderles, se someten a la Jurisdicci\u00f3n de los Juzgados y Tribunales del domicilio del usuario para cuantas cuestiones pudieran suscitarse o acciones ejercitarse derivadas de la prestaci\u00f3n del servicio de la Web y de sus servicios y contenidos y sobre la interpretaci\u00f3n, aplicaci\u00f3n, cumplimiento o incumplimiento de lo aqu\u00ed establecido.<\/p><p>En el supuesto de que el Usuario\/a tenga su domicilio fuera de Espa\u00f1a, GRUPO VIANA y el Usuario\/a, con renuncia expresa a cualquier otro fuero que pudiera corresponderles, se someten a la Jurisdicci\u00f3n de los Juzgados y Tribunales de Allariz (Orense).<\/p><p>\u00a0<\/p><h4><b><strong>4 BAJA DE COMUNICACIONES COMERCIALES<\/strong><\/b><\/h4><p>De conformidad con la ley de servicios de la sociedad de la informaci\u00f3n 34\/2002 se garantiza al usuario la posibilidad de dejar de recibir informaci\u00f3n comercial en un plazo m\u00e1ximo de un mes desde que comunique su voluntad mediante correo electr\u00f3nico dirigido a allariz@chatarreriaviana.com<\/p><\/div>\n\t\t\t\t<\/div>\n\t\t\t\t<\/div>\n\t\t\t\t\t<\/div>\n\t\t<\/div>\n\t\t\t\t\t\t\t<\/div>\n\t\t<\/section>\n\t\t\t\t\t\t<\/div>\n\t\t\t\t\t<\/div>\n\t\t","protected":false},"excerpt":{"rendered":"<p>Aviso legal<\/p>\n","protected":false},"author":1,"featured_media":0,"parent":0,"menu_order":0,"comment_status":"closed","ping_status":"closed","template":"","meta":{"site-sidebar-layout":"no-sidebar","site-content-layout":"page-builder","ast-site-content-layout":"default","site-content-style":"default","site-sidebar-style":"default","ast-global-header-display":"","ast-banner-title-visibility":"","ast-main-header-display":"disabled","ast-hfb-above-header-display":"","ast-hfb-below-header-display":"","ast-hfb-mobile-header-display":"","site-post-title":"disabled","ast-breadcrumbs-content":"","ast-featured-img":"disabled","footer-sml-layout":"","ast-disable-related-posts":"","theme-transparent-header-meta":"default","adv-header-id-meta":"","stick-header-meta":"default","header-above-stick-meta":"","header-main-stick-meta":"","header-below-stick-meta":"","astra-migrate-meta-layouts":"default","ast-page-background-enabled":"default","ast-page-background-meta":{"desktop":{"background-color":"","background-image":"","background-repeat":"repeat","background-position":"center center","background-size":"auto","background-attachment":"scroll","background-type":"","background-media":"","overlay-type":"","overlay-color":"","overlay-opacity":"","overlay-gradient":""},"tablet":{"background-color":"","background-image":"","background-repeat":"repeat","background-position":"center center","background-size":"auto","background-attachment":"scroll","background-type":"","background-media":"","overlay-type":"","overlay-color":"","overlay-opacity":"","overlay-gradient":""},"mobile":{"background-color":"","background-image":"","background-repeat":"repeat","background-position":"center center","background-size":"auto","background-attachment":"scroll","background-type":"","background-media":"","overlay-type":"","overlay-color":"","overlay-opacity":"","overlay-gradient":""}},"ast-content-background-meta":{"desktop":{"background-color":"var(--ast-global-color-5)","background-image":"","background-repeat":"repeat","background-position":"center center","background-size":"auto","background-attachment":"scroll","background-type":"","background-media":"","overlay-type":"","overlay-color":"","overlay-opacity":"","overlay-gradient":""},"tablet":{"background-color":"var(--ast-global-color-5)","background-image":"","background-repeat":"repeat","background-position":"center center","background-size":"auto","background-attachment":"scroll","background-type":"","background-media":"","overlay-type":"","overlay-color":"","overlay-opacity":"","overlay-gradient":""},"mobile":{"background-color":"var(--ast-global-color-5)","background-image":"","background-repeat":"repeat","background-position":"center center","background-size":"auto","background-attachment":"scroll","background-type":"","background-media":"","overlay-type":"","overlay-color":"","overlay-opacity":"","overlay-gradient":""}}},"_links":{"self":[{"href":"https:\/\/chatarreriaviana.com\/index.php?rest_route=\/wp\/v2\/pages\/595"}],"collection":[{"href":"https:\/\/chatarreriaviana.com\/index.php?rest_route=\/wp\/v2\/pages"}],"about":[{"href":"https:\/\/chatarreriaviana.com\/index.php?rest_route=\/wp\/v2\/types\/page"}],"author":[{"embeddable":true,"href":"https:\/\/chatarreriaviana.com\/index.php?rest_route=\/wp\/v2\/users\/1"}],"replies":[{"embeddable":true,"href":"https:\/\/chatarreriaviana.com\/index.php?rest_route=%2Fwp%2Fv2%2Fcomments&post=595"}],"version-history":[{"count":12,"href":"https:\/\/chatarreriaviana.com\/index.php?rest_route=\/wp\/v2\/pages\/595\/revisions"}],"predecessor-version":[{"id":607,"href":"https:\/\/chatarreriaviana.com\/index.php?rest_route=\/wp\/v2\/pages\/595\/revisions\/607"}],"wp:attachment":[{"href":"https:\/\/chatarreriaviana.com\/index.php?rest_route=%2Fwp%2Fv2%2Fmedia&parent=595"}],"curies":[{"name":"wp","href":"https:\/\/api.w.org\/{rel}","templated":true}]}}